{"id":268,"date":"2025-03-09T01:45:22","date_gmt":"2025-03-09T05:45:22","guid":{"rendered":"https:\/\/cisgloca.com\/?page_id=268"},"modified":"2025-03-09T01:50:08","modified_gmt":"2025-03-09T05:50:08","slug":"ingenieria-y-construcciones-2","status":"publish","type":"page","link":"https:\/\/cisgloca.com\/?page_id=268","title":{"rendered":"Ingenier\u00eda y Construcciones"},"content":{"rendered":"<p style=\"text-align: justify;\">[rev_slider slider2_ingenieria]<\/p>\n<p>&nbsp;<\/p>\n<p style=\"text-align: justify;\">CISGLOCA,C.A mantiene la aplicaci\u00f3n de las Normas A.I.S.C. y COVENIN en todos sus dise\u00f1os, lo que permite a la empresa garantizar una excelente calidad de producci\u00f3n para satisfacer a los clientes en cuanto a solicitudes de cargas y resistencias de los materiales empleados.<\/p>\n<p style=\"text-align: justify;\">Las construcciones met\u00e1licas fabricadas por CISGLOCA, C.A pueden ser soldadas o atornilladas\/apernadas de fabricaci\u00f3n modular lo cual facilita las ampliaciones, los traslados, los montajes, los desmontajes, las modificaciones futuras y la recuperaci\u00f3n del acero utilizado.<\/p>\n<p style=\"text-align: justify;\">La producci\u00f3n es preferentemente prefabricada y pre-ensamblada en taller contando dentro de nuestras labores, trabajos tales como:<\/p>\n<ul style=\"text-align: justify;\">\n<li>Puentes, puentes para tuber\u00edas, puentes para cintas transportadoras, pasarelas, plataformas.<\/li>\n<li>Soportes para casas de maquinas y tanques.<\/li>\n<li>Torres para la industria petrolera, para maquinas secadoras de granos y silos, para transmisi\u00f3n el\u00e9ctrica y comunicaciones.<\/li>\n<li>Escaleras para edificios, para torres industriales y tanques.<\/li>\n<li>Mezzaninas para oficinas y de gran capacidad de carga para industrias.<\/li>\n<li>V\u00edas de rodadura para puentes gr\u00faas.<\/li>\n<li>Racks para almacenamiento en paletas o bandejas de grandes cargas y grandes vol\u00famenes.<\/li>\n<li>Plataformas para camiones 350<\/li>\n<li>Vallas publicitarias<\/li>\n<li>Estructura para toldos publicitarios.<\/li>\n<\/ul>\n<p style=\"text-align: justify;\">Por la gran variedad en la fabricaci\u00f3n de galpones y edificios industriales, se exponen algunos aspectos t\u00e9cnicos que se plantean a los clientes para satisfacer sus necesidades:<\/p>\n<ul>\n<li style=\"text-align: justify;\">Construcci\u00f3n con o sin puente gr\u00faa o incorporaci\u00f3n a futuro.<\/li>\n<li style=\"text-align: justify;\">Con farola de ventilaci\u00f3n natural o cerrado o con ventilaci\u00f3n natural en fachadas.<\/li>\n<li style=\"text-align: justify;\">Tipo de cubierta con incorporaci\u00f3n o no de iluminaci\u00f3n natural a trav\u00e9s de l\u00e1minas traslucidas.<\/li>\n<li style=\"text-align: justify;\">Cargas extras que ser\u00e1n incorporadas a la estructura.<\/li>\n<li style=\"text-align: justify;\">Requerimientos arquitect\u00f3nicos.<\/li>\n<\/ul>\n","protected":false},"excerpt":{"rendered":"<p>[rev_slider slider2_ingenieria] &nbsp; CISGLOCA,C.A mantiene la aplicaci\u00f3n de las Normas A.I.S.C. y COVENIN en todos sus dise\u00f1os, lo que permite a la empresa garantizar una excelente calidad de producci\u00f3n para satisfacer a los clientes en cuanto a solicitudes de cargas y resistencias de los materiales empleados. Las construcciones met\u00e1licas fabricadas por CISGLOCA, C.A pueden ser [&hellip;]<\/p>\n","protected":false},"author":1,"featured_media":0,"parent":0,"menu_order":0,"comment_status":"closed","ping_status":"closed","template":"","meta":{"footnotes":""},"class_list":["post-268","page","type-page","status-publish","hentry"],"_links":{"self":[{"href":"https:\/\/cisgloca.com\/index.php?rest_route=\/wp\/v2\/pages\/268","targetHints":{"allow":["GET"]}}],"collection":[{"href":"https:\/\/cisgloca.com\/index.php?rest_route=\/wp\/v2\/pages"}],"about":[{"href":"https:\/\/cisgloca.com\/index.php?rest_route=\/wp\/v2\/types\/page"}],"author":[{"embeddable":true,"href":"https:\/\/cisgloca.com\/index.php?rest_route=\/wp\/v2\/users\/1"}],"replies":[{"embeddable":true,"href":"https:\/\/cisgloca.com\/index.php?rest_route=%2Fwp%2Fv2%2Fcomments&post=268"}],"version-history":[{"count":0,"href":"https:\/\/cisgloca.com\/index.php?rest_route=\/wp\/v2\/pages\/268\/revisions"}],"wp:attachment":[{"href":"https:\/\/cisgloca.com\/index.php?rest_route=%2Fwp%2Fv2%2Fmedia&parent=268"}],"curies":[{"name":"wp","href":"https:\/\/api.w.org\/{rel}","templated":true}]}}