{"id":263,"date":"2025-03-09T01:42:50","date_gmt":"2025-03-09T05:42:50","guid":{"rendered":"https:\/\/cisgloca.com\/?page_id=263"},"modified":"2025-03-09T01:42:50","modified_gmt":"2025-03-09T05:42:50","slug":"servicios","status":"publish","type":"page","link":"https:\/\/cisgloca.com\/?page_id=263","title":{"rendered":"servicios"},"content":{"rendered":"<h4><strong>Obras De Mantenimiento<\/strong><\/h4>\n<h5><strong><em>Estructural:<\/em><\/strong><\/h5>\n<ul>\n<li>Sustituci\u00f3n de elementos de acero estructural tales como perfiles en cerchas o columnas, por conveniencia operativa, necesidades de espacio o deterioro de las mismas.<\/li>\n<\/ul>\n<ul>\n<li>Refuerzos en estructuras met\u00e1licas por solicitudes de incrementos de carga y ampliaciones.<\/li>\n<\/ul>\n<ul>\n<li>Reparaci\u00f3n de barandas, escaleras de emergencia, pasarelas, etc.<\/li>\n<\/ul>\n<ul>\n<li>Reparaci\u00f3n de vallas publicitarias<\/li>\n<\/ul>\n<h5><strong><em>Cubiertas:<\/em><\/strong><\/h5>\n<ul>\n<li>Cambios de l\u00e1minas de techo y elementos de fijaci\u00f3n, montaje de l\u00e1minas traslucidas.<\/li>\n<\/ul>\n<h5><strong><em>Remodelaci\u00f3n de casas y oficinas:<\/em><\/strong><\/h5>\n<ul>\n<li>Ampliaci\u00f3n &#8211; Reducci\u00f3n de espacios, distribuci\u00f3n y divisi\u00f3n de acuerdo a las necesidades.<\/li>\n<li>Sustituci\u00f3n de tuber\u00edas de agua, gas, tel\u00e9fono, cable, internet y electricidad debido a la corrosi\u00f3n y deterioro en edificaciones antiguas.<\/li>\n<li>Reparaci\u00f3n, Suministro y montaje de topes de Marmol y Granito.<\/li>\n<\/ul>\n<h5><strong><em>Equipos Rodantes:<\/em><\/strong><\/h5>\n<ul>\n<li>Reparaci\u00f3n de plataformas de camiones volteos, lowboy y gandolas.<\/li>\n<li>Reparaci\u00f3n de vagones de carga y locomotoras.<\/li>\n<\/ul>\n<h5><strong><em>Servicios Logisticos:<\/em><\/strong><\/h5>\n<ul>\n<li>Traslado de materiales a nivel nacional tales como piedra, arena, briqueta, mineral de hierro, pellas.<\/li>\n<\/ul>\n","protected":false},"excerpt":{"rendered":"<p>Obras De Mantenimiento Estructural: Sustituci\u00f3n de elementos de acero estructural tales como perfiles en cerchas o columnas, por conveniencia operativa, necesidades de espacio o deterioro de las mismas. Refuerzos en estructuras met\u00e1licas por solicitudes de incrementos de carga y ampliaciones. Reparaci\u00f3n de barandas, escaleras de emergencia, pasarelas, etc. Reparaci\u00f3n de vallas publicitarias Cubiertas: Cambios de [&hellip;]<\/p>\n","protected":false},"author":1,"featured_media":0,"parent":0,"menu_order":0,"comment_status":"closed","ping_status":"closed","template":"","meta":{"footnotes":""},"class_list":["post-263","page","type-page","status-publish","hentry"],"_links":{"self":[{"href":"https:\/\/cisgloca.com\/index.php?rest_route=\/wp\/v2\/pages\/263","targetHints":{"allow":["GET"]}}],"collection":[{"href":"https:\/\/cisgloca.com\/index.php?rest_route=\/wp\/v2\/pages"}],"about":[{"href":"https:\/\/cisgloca.com\/index.php?rest_route=\/wp\/v2\/types\/page"}],"author":[{"embeddable":true,"href":"https:\/\/cisgloca.com\/index.php?rest_route=\/wp\/v2\/users\/1"}],"replies":[{"embeddable":true,"href":"https:\/\/cisgloca.com\/index.php?rest_route=%2Fwp%2Fv2%2Fcomments&post=263"}],"version-history":[{"count":0,"href":"https:\/\/cisgloca.com\/index.php?rest_route=\/wp\/v2\/pages\/263\/revisions"}],"wp:attachment":[{"href":"https:\/\/cisgloca.com\/index.php?rest_route=%2Fwp%2Fv2%2Fmedia&parent=263"}],"curies":[{"name":"wp","href":"https:\/\/api.w.org\/{rel}","templated":true}]}}