{"id":256,"date":"2025-03-09T01:38:00","date_gmt":"2025-03-09T05:38:00","guid":{"rendered":"https:\/\/cisgloca.com\/?page_id=256"},"modified":"2025-03-09T01:40:29","modified_gmt":"2025-03-09T05:40:29","slug":"planificacion-estrategica","status":"publish","type":"page","link":"https:\/\/cisgloca.com\/?page_id=256","title":{"rendered":"Planificaci\u00f3n Estrat\u00e9gica"},"content":{"rendered":"<h4><em><strong>Misi\u00f3n<\/strong><\/em><\/h4>\n<p>Impulsar el crecimiento sustentable en el \u00e1rea de, servicios industriales, fabricaci\u00f3n e instalaci\u00f3n de estructuras met\u00e1licas, ofreciendo precios competitivos a nuestros clientes y a su vez crear fuentes empleo que permitan el desarrollo social y econ\u00f3mico del pa\u00eds.<\/p>\n<h4><em><strong>Visi\u00f3n<\/strong><\/em><\/h4>\n<p>Proyectarse como una de las mejores empresas de servicios industriales de la regi\u00f3n, ofreciendo productos y servicios con calidad de exportaci\u00f3n.<\/p>\n<h4><em><strong>Valores<\/strong><\/em><\/h4>\n<h5 style=\"text-align: justify;\"><strong><em>Respeto<\/em><\/strong><\/h5>\n<p style=\"text-align: justify;\">Estableciendo un trato justo mediante el reconocimiento del valor inherente y de los derechos innatos de los trabajadores, del medio ambiente y de la sociedad sin ning\u00fan tipo de discriminaci\u00f3n.<\/p>\n<h5 style=\"text-align: justify;\"><strong><em>Honestidad<\/em><\/strong><\/h5>\n<p style=\"text-align: justify;\">Manifestando un proceder leal por parte de los trabajadores en todos sus niveles, manteniendo un elevado sentido de equidad e integridad en el manejo de los bienes econ\u00f3micos, materiales y todo lo referente a la empresa.<\/p>\n<h5 style=\"text-align: justify;\"><strong><em>\u00c9tica<\/em><\/strong><\/h5>\n<p style=\"text-align: justify;\">Actuando en un ambiente que no s\u00f3lo procura el m\u00e1s alto respeto y dignidad de sus empleados sino que a su vez pretende proyectarse ante la sociedad de manera honrada y veraz, m\u00e1s idealmente en la procuraci\u00f3n del bien social.<\/p>\n<h5 style=\"text-align: justify;\"><strong><em>Compromiso<\/em><\/strong><\/h5>\n<p style=\"text-align: justify;\">Instando a todo el personal de la empresa a manejar todas las variables involucradas en asegurar la confidencialidad, continuidad y el progreso de los negocios para el logro de los objetivos establecidos a todo nivel, promoviendo y estimulando a su vez el reconocimiento del recurso humano.<\/p>\n<h5 style=\"text-align: justify;\"><strong><em>Excelencia<\/em><\/strong><\/h5>\n<p style=\"text-align: justify;\">Propiciando niveles superiores de calidad con respecto a los est\u00e1ndares nacionales e internacionales, estableciendo acciones destinadas al mejoramiento continuo de la empresa, de sus empleados y de su relaci\u00f3n con el entorno.<\/p>\n<h5 style=\"text-align: justify;\"><strong><em>Capacitaci\u00f3n <\/em><\/strong><\/h5>\n<p style=\"text-align: justify;\">Orientada a la ejecuci\u00f3n de programas y actividades que permitan el avance en la formaci\u00f3n, adiestramiento y por ende un mejor rendimiento en el \u00e1mbito laboral, lo cual beneficiar\u00e1 a los empleados a nivel profesional y a la empresa a nivel organizacional.<\/p>\n<h5 style=\"text-align: justify;\"><strong><em>Responsabilidad<\/em><\/strong><\/h5>\n<p style=\"text-align: justify;\">Administrando con eficacia el tiempo y los recursos acumulados y disponibles mediante el uso consciente y equitativo, para obtener el m\u00e1ximo beneficio, amold\u00e1ndose a la vez a los cambios necesarios.<\/p>\n","protected":false},"excerpt":{"rendered":"<p>Misi\u00f3n Impulsar el crecimiento sustentable en el \u00e1rea de, servicios industriales, fabricaci\u00f3n e instalaci\u00f3n de estructuras met\u00e1licas, ofreciendo precios competitivos a nuestros clientes y a su vez crear fuentes empleo que permitan el desarrollo social y econ\u00f3mico del pa\u00eds. Visi\u00f3n Proyectarse como una de las mejores empresas de servicios industriales de la regi\u00f3n, ofreciendo productos [&hellip;]<\/p>\n","protected":false},"author":1,"featured_media":0,"parent":0,"menu_order":0,"comment_status":"closed","ping_status":"closed","template":"","meta":{"footnotes":""},"class_list":["post-256","page","type-page","status-publish","hentry"],"_links":{"self":[{"href":"https:\/\/cisgloca.com\/index.php?rest_route=\/wp\/v2\/pages\/256","targetHints":{"allow":["GET"]}}],"collection":[{"href":"https:\/\/cisgloca.com\/index.php?rest_route=\/wp\/v2\/pages"}],"about":[{"href":"https:\/\/cisgloca.com\/index.php?rest_route=\/wp\/v2\/types\/page"}],"author":[{"embeddable":true,"href":"https:\/\/cisgloca.com\/index.php?rest_route=\/wp\/v2\/users\/1"}],"replies":[{"embeddable":true,"href":"https:\/\/cisgloca.com\/index.php?rest_route=%2Fwp%2Fv2%2Fcomments&post=256"}],"version-history":[{"count":0,"href":"https:\/\/cisgloca.com\/index.php?rest_route=\/wp\/v2\/pages\/256\/revisions"}],"wp:attachment":[{"href":"https:\/\/cisgloca.com\/index.php?rest_route=%2Fwp%2Fv2%2Fmedia&parent=256"}],"curies":[{"name":"wp","href":"https:\/\/api.w.org\/{rel}","templated":true}]}}