{"id":236,"date":"2025-03-09T01:13:42","date_gmt":"2025-03-09T05:13:42","guid":{"rendered":"https:\/\/cisgloca.com\/?page_id=236"},"modified":"2025-03-09T03:14:39","modified_gmt":"2025-03-09T07:14:39","slug":"quienes-somos","status":"publish","type":"page","link":"https:\/\/cisgloca.com\/?page_id=236","title":{"rendered":"\u00bfQuienes Somos?"},"content":{"rendered":"<p style=\"text-align: justify;\">CISGLOCA, C.A, desde el a\u00f1o 2004 a ofrecido la mejor calidad en servicios y productos industriales y residenciales para toda Venezuela.\u00a0 Fabrica e instala estructuras met\u00e1licas aplicando las normas A.I.S.C. y COVENIN de forma eficiente, eficaz y segura, resguardando la integridad f\u00edsica del personal, preservando el medio ambiente y cumpliendo con las normas t\u00e9cnicas inherentes a la ejecuci\u00f3n de los proyectos. Para esto CISGLOCA, C.A trabaja con capital humano calificado, comprometido con la calidad de nuestros productos, procurando la mejora continua de los procesos y servicios para la satisfacci\u00f3n de nuestros clientes.<\/p>\n<div style=\"display:block\">\n<!-- FlowPaper PDF flipbook plugin v.2.0.6 wordpress.org\/plugins\/flowpaper\/ -->\n<iframe title=\"FlowPaper flipbook pdf viewer\" width=\"100%\" height=\"500\" scrolling=\"no\" class=\"flowpaper-class\" frameborder=\"0\" allowFullScreen=\"true\" lightbox=\"false\" cover id src = \"https:\/\/flowpaper.com\/flipbook\/?pdf=http:\/\/cisgloca.com\/wp-content\/uploads\/2025\/03\/CARPETA_DE_PRESENTACION-2014-LR.pdf?wp-hosted=1&title=&header=&theme=&singlepage=&thumbs=1&modified=250309314\" seamless=\"seamless\" style=\"margin-bottom:0;display:block;\">Your browser does not seem to support iframes. <a href=\"https:\/\/flowpaper.com\/flipbook\/?pdf=http:\/\/cisgloca.com\/wp-content\/uploads\/2025\/03\/CARPETA_DE_PRESENTACION-2014-LR.pdf?wp-hosted=1\" target=\"_blank\">Click here to read this PDF<\/a>.<\/iframe>\n<div id=\"flowpaper-logo-bottom\" class=\"flowpaper-logo-bg\" style=\"background:linear-gradient(to right, rgba(0,0,0,0.65) 0%,rgba(0,0,0,0) 200px);width:100%;height:19px; padding-bottom: 1px; padding-left: 5px; padding-right: 10px; display: flex; align-items: center;z-index:9999\"><span style=\"height: 37px; padding-left: 6px;width:90%\"> <a id=\"flowpaper-link\" style=\"fill: #fff\" alt=\"FlowPaper logotype\" title=\"FlowPaper logotype\" href=\"https:\/\/flowpaper.com\" target=\"_blank\"> <img decoding=\"async\" alt=\"Publish PDF flipbooks online\" style=\"height:17px;width:auto;margin-top:11px;\" src=\"https:\/\/cisgloca.com\/wp-content\/plugins\/flowpaper-lite-pdf-flipbook\/assets\/flowpaper-logo.png\" border=\"0\"> <\/a> <\/span><span style=\" float: right; right: 0; font-size: 10px; white-space: nowrap; opacity:0.8\"><a href=\"https:\/\/flowpaper.com\/flipbook-maker\/\" target=\"_new\" style=\"text-decoration:none;border-bottom:none;\">Created using FlowPaper Flipbook Maker &#8599;<\/a><\/span><\/div><\/div>\r\n                <script>\r\n                document.addEventListener(\"DOMContentLoaded\", function(){\r\n                    var target_element, iframe_element;\r\n                    iframe_element = document.querySelector(\"iframe.flowpaper-class\");\r\n                    target_element = document.querySelector(\"\");\r\n                    iframe_element.style.height = target_element.offsetHeight + \"px\";\r\n                });\r\n                <\/script>\r\n            \n<p style=' text-align: center;'><a href=\"http:\/\/cisgloca.com\/wp-content\/uploads\/2025\/03\/CARPETA_DE_PRESENTACION-2014-LR.pdf \"><img loading=\"lazy\" decoding=\"async\" src=\"http:\/\/cisgloca.com\/wp-content\/uploads\/2025\/03\/pdf-symbol-300x300.png\" alt=\"\" width=\"70\" height=\"70\" class=\"alignnone size-medium wp-image-238\" srcset=\"https:\/\/cisgloca.com\/wp-content\/uploads\/2025\/03\/pdf-symbol-300x300.png 300w, https:\/\/cisgloca.com\/wp-content\/uploads\/2025\/03\/pdf-symbol-150x150.png 150w, https:\/\/cisgloca.com\/wp-content\/uploads\/2025\/03\/pdf-symbol.png 693w\" sizes=\"auto, (max-width: 70px) 100vw, 70px\" \/><\/a><\/p>\n","protected":false},"excerpt":{"rendered":"<p>CISGLOCA, C.A, desde el a\u00f1o 2004 a ofrecido la mejor calidad en servicios y productos industriales y residenciales para toda Venezuela.\u00a0 Fabrica e instala estructuras met\u00e1licas aplicando las normas A.I.S.C. y COVENIN de forma eficiente, eficaz y segura, resguardando la integridad f\u00edsica del personal, preservando el medio ambiente y cumpliendo con las normas t\u00e9cnicas inherentes [&hellip;]<\/p>\n","protected":false},"author":1,"featured_media":383,"parent":0,"menu_order":0,"comment_status":"closed","ping_status":"closed","template":"","meta":{"footnotes":""},"class_list":["post-236","page","type-page","status-publish","has-post-thumbnail","hentry"],"_links":{"self":[{"href":"https:\/\/cisgloca.com\/index.php?rest_route=\/wp\/v2\/pages\/236","targetHints":{"allow":["GET"]}}],"collection":[{"href":"https:\/\/cisgloca.com\/index.php?rest_route=\/wp\/v2\/pages"}],"about":[{"href":"https:\/\/cisgloca.com\/index.php?rest_route=\/wp\/v2\/types\/page"}],"author":[{"embeddable":true,"href":"https:\/\/cisgloca.com\/index.php?rest_route=\/wp\/v2\/users\/1"}],"replies":[{"embeddable":true,"href":"https:\/\/cisgloca.com\/index.php?rest_route=%2Fwp%2Fv2%2Fcomments&post=236"}],"version-history":[{"count":0,"href":"https:\/\/cisgloca.com\/index.php?rest_route=\/wp\/v2\/pages\/236\/revisions"}],"wp:featuredmedia":[{"embeddable":true,"href":"https:\/\/cisgloca.com\/index.php?rest_route=\/wp\/v2\/media\/383"}],"wp:attachment":[{"href":"https:\/\/cisgloca.com\/index.php?rest_route=%2Fwp%2Fv2%2Fmedia&parent=236"}],"curies":[{"name":"wp","href":"https:\/\/api.w.org\/{rel}","templated":true}]}}